{"id":10,"date":"2013-10-16T05:06:20","date_gmt":"2013-10-16T05:06:20","guid":{"rendered":"http:\/\/karin.unkrig.de\/?page_id=10"},"modified":"2022-02-02T17:51:01","modified_gmt":"2022-02-02T17:51:01","slug":"was-mich-bewegt","status":"publish","type":"page","link":"http:\/\/karin.unkrig.de\/?page_id=10","title":{"rendered":"Was mich bewegt"},"content":{"rendered":"<p><img loading=\"lazy\" decoding=\"async\" class=\"size-full wp-image-62 alignright\" src=\"http:\/\/karin.unkrig.de\/wp-content\/uploads\/2013\/10\/WasMichBewegt.jpg\" alt=\"WasMichBewegt\" width=\"180\" height=\"124\" \/><\/p>\n<p>Wenn Worte \u00fcberfl\u00fcssig werden, weil\u00a0der Augenblick bis an den Rand gef\u00fcllt ist, beginnt das Leben unwiderstehlich von sich zu erz\u00e4hlen und f\u00fchrt uns mitten hinein in faszinierende Geschichten!<\/p>\n<p>\u00a0<\/p>\n<p>Vergleiche die Buchtipps unter \u00abAufgelesen\/Lesestoff\u00bb, die Texte unter Publikationen\/Kulturjournalismus und Publikationen\/Fachartikel sowie\u00a0\u00a0\u00a0 zu \u00abSchreiben und redigieren\u00bb bzw. \u00abDrei Minuten f\u00fcr &#8230;\u00bb.<\/p>\n\n\n<p><\/p>\n","protected":false},"excerpt":{"rendered":"<p>Wenn Worte \u00fcberfl\u00fcssig werden, weil\u00a0der Augenblick bis an den Rand gef\u00fcllt ist, beginnt das Leben unwiderstehlich von sich zu erz\u00e4hlen und f\u00fchrt uns mitten hinein in faszinierende Geschichten! \u00a0 Vergleiche die Buchtipps unter \u00abAufgelesen\/Lesestoff\u00bb, die Texte unter Publikationen\/Kulturjournalismus und Publikationen\/Fachartikel sowie\u00a0\u00a0\u00a0 zu \u00abSchreiben und redigieren\u00bb bzw. \u00abDrei Minuten f\u00fcr &#8230;\u00bb.<\/p>\n","protected":false},"author":2,"featured_media":0,"parent":0,"menu_order":0,"comment_status":"open","ping_status":"open","template":"","meta":{"footnotes":""},"_links":{"self":[{"href":"http:\/\/karin.unkrig.de\/index.php?rest_route=\/wp\/v2\/pages\/10"}],"collection":[{"href":"http:\/\/karin.unkrig.de\/index.php?rest_route=\/wp\/v2\/pages"}],"about":[{"href":"http:\/\/karin.unkrig.de\/index.php?rest_route=\/wp\/v2\/types\/page"}],"author":[{"embeddable":true,"href":"http:\/\/karin.unkrig.de\/index.php?rest_route=\/wp\/v2\/users\/2"}],"replies":[{"embeddable":true,"href":"http:\/\/karin.unkrig.de\/index.php?rest_route=%2Fwp%2Fv2%2Fcomments&post=10"}],"version-history":[{"count":21,"href":"http:\/\/karin.unkrig.de\/index.php?rest_route=\/wp\/v2\/pages\/10\/revisions"}],"predecessor-version":[{"id":2524,"href":"http:\/\/karin.unkrig.de\/index.php?rest_route=\/wp\/v2\/pages\/10\/revisions\/2524"}],"wp:attachment":[{"href":"http:\/\/karin.unkrig.de\/index.php?rest_route=%2Fwp%2Fv2%2Fmedia&parent=10"}],"curies":[{"name":"wp","href":"https:\/\/api.w.org\/{rel}","templated":true}]}}