{"id":15,"date":"2013-10-16T05:08:35","date_gmt":"2013-10-16T05:08:35","guid":{"rendered":"http:\/\/karin.unkrig.de\/?page_id=15"},"modified":"2013-10-18T18:08:28","modified_gmt":"2013-10-18T18:08:28","slug":"3-minuten-fur","status":"publish","type":"page","link":"http:\/\/karin.unkrig.de\/?page_id=15","title":{"rendered":"Kurztexte"},"content":{"rendered":"<p><img loading=\"lazy\" decoding=\"async\" class=\"alignright size-full wp-image-69\" alt=\"Sanduhr\" src=\"http:\/\/karin.unkrig.de\/wp-content\/uploads\/2013\/10\/Sanduhr.jpg\" width=\"215\" height=\"178\" \/><\/p>\n<ul>\n<li><a href=\"http:\/\/karin.unkrig.de\/?page_id=147\">3 Minuten f\u00fcr eine Zahl<\/a><\/li>\n<li><a href=\"http:\/\/karin.unkrig.de\/?page_id=148 \">3 Minuten f\u00fcr ein Bild<\/a><\/li>\n<li><a href=\"http:\/\/karin.unkrig.de\/?page_id=149\">3 Minuten f\u00fcr ein Filmzitat<\/a><\/li>\n<li><span style=\"text-decoration: underline;\"><a href=\"http:\/\/karin.unkrig.de\/?page_id=150\">3 Minuten f\u00fcr ein Filmzitat<\/a><\/span><\/li>\n<li><a href=\"http:\/\/karin.unkrig.de\/?page_id=151\">3 Minuten f\u00fcr ein Kultobjekt<\/a><\/li>\n<li><a href=\"http:\/\/karin.unkrig.de\/?page_id=152\">3 Minuten f\u00fcr ein Plakat<\/a><\/li>\n<li><a href=\"http:\/\/karin.unkrig.de\/?page_id=171\">3 Minuten f\u00fcr ein Titelblatt<\/a><\/li>\n<li><a href=\"http:\/\/karin.unkrig.de\/?page_id=178\">3 Minuten f\u00fcr ein Inserat<\/a><\/li>\n<li><span style=\"text-decoration: underline;\"><a href=\"http:\/\/karin.unkrig.de\/?page_id=179\">3 Minuten f\u00fcr eine Titelzeile<\/a><\/span><\/li>\n<li><span style=\"text-decoration: underline;\"><a href=\"http:\/\/karin.unkrig.de\/?page_id=180\">3 Minuten f\u00fcr eine Titelzeile<\/a><\/span><\/li>\n<li><a href=\"http:\/\/karin.unkrig.de\/?page_id=181\">3 Minuten f\u00fcr eine Illusion<\/a><\/li>\n<li><a href=\"http:\/\/karin.unkrig.de\/?page_id=193\">3 Minuten f\u00fcr ein Outfit\u00a0<\/a><\/li>\n<li><a href=\"http:\/\/karin.unkrig.de\/?page_id=183\">3 Minuten f\u00fcr ein Lifestyle-Produkt<\/a><\/li>\n<\/ul>\n","protected":false},"excerpt":{"rendered":"<p>3 Minuten f\u00fcr eine Zahl 3 Minuten f\u00fcr ein Bild 3 Minuten f\u00fcr ein Filmzitat 3 Minuten f\u00fcr ein Filmzitat 3 Minuten f\u00fcr ein Kultobjekt 3 Minuten f\u00fcr ein Plakat 3 Minuten f\u00fcr ein Titelblatt 3 Minuten f\u00fcr ein Inserat 3 Minuten f\u00fcr eine Titelzeile 3 Minuten f\u00fcr eine Titelzeile 3 Minuten f\u00fcr eine Illusion [&hellip;]<\/p>\n","protected":false},"author":2,"featured_media":0,"parent":0,"menu_order":0,"comment_status":"open","ping_status":"open","template":"","meta":{"footnotes":""},"_links":{"self":[{"href":"http:\/\/karin.unkrig.de\/index.php?rest_route=\/wp\/v2\/pages\/15"}],"collection":[{"href":"http:\/\/karin.unkrig.de\/index.php?rest_route=\/wp\/v2\/pages"}],"about":[{"href":"http:\/\/karin.unkrig.de\/index.php?rest_route=\/wp\/v2\/types\/page"}],"author":[{"embeddable":true,"href":"http:\/\/karin.unkrig.de\/index.php?rest_route=\/wp\/v2\/users\/2"}],"replies":[{"embeddable":true,"href":"http:\/\/karin.unkrig.de\/index.php?rest_route=%2Fwp%2Fv2%2Fcomments&post=15"}],"version-history":[{"count":8,"href":"http:\/\/karin.unkrig.de\/index.php?rest_route=\/wp\/v2\/pages\/15\/revisions"}],"predecessor-version":[{"id":469,"href":"http:\/\/karin.unkrig.de\/index.php?rest_route=\/wp\/v2\/pages\/15\/revisions\/469"}],"wp:attachment":[{"href":"http:\/\/karin.unkrig.de\/index.php?rest_route=%2Fwp%2Fv2%2Fmedia&parent=15"}],"curies":[{"name":"wp","href":"https:\/\/api.w.org\/{rel}","templated":true}]}}