{"id":152,"date":"2013-10-16T09:48:46","date_gmt":"2013-10-16T09:48:46","guid":{"rendered":"http:\/\/karin.unkrig.de\/?page_id=152"},"modified":"2017-08-27T20:03:21","modified_gmt":"2017-08-27T20:03:21","slug":"drei-minuten-fur-ein-plakat","status":"publish","type":"page","link":"http:\/\/karin.unkrig.de\/?page_id=152","title":{"rendered":"Drei Minuten f\u00fcr ein Plakat"},"content":{"rendered":"<p><img loading=\"lazy\" decoding=\"async\" class=\"alignright size-full wp-image-170\" src=\"http:\/\/karin.unkrig.de\/wp-content\/uploads\/2013\/10\/3min_plakat.jpg\" alt=\"3min_plakat\" width=\"200\" height=\"137\" \/><\/p>\n<p>Arbeitslosigkeit ? das Thema ist aus den Schlagzeilen geraten. Selbst ein grosser Stellenabbau f\u00fchrt gerade noch zu einer kleinen Zeitungsnotiz. Besser lesen sich die Konjunktur-meldungen auf der B\u00f6rsenseite.<br \/>\nEhrlich gesagt: Der entlassene, sich st\u00e4ndig zu Hause aufhaltende Nachbar wirkt unheimlich, erinnert an eigene berufliche Fallstricke. Der Strassenverk\u00e4ufer l\u00e4sst zusammenzucken, mit seinem: \u00abArbeitslosenzeitung! Arbeitslosigkeit geht uns alle an, es kann auch Sie treffen &#8230;\u00bb.<\/p>\n<p>&nbsp;<\/p>\n<p>Trotzdem wird Erwerbslosigkeit verschwiegen, untersch\u00e4tzt. Die Umstellung ist mehr als eine Berg-und-Talbahn-Fahrt. Eher eine Geisterbahn, mit ungewissem Ausgang ? gleichsam als Antriebsmotiv in einer Gesellschaft der \u00abLebensunternehmer\u00bb.<\/p>\n<p>&nbsp;<\/p>\n<p>Was besch\u00e4ftigt Direktbetroffene? Zuerst die Losl\u00f6sung:<br \/>\n<em>Losmachen von der Firma;<br \/>\n<\/em><em>Loslassen vom erfolgsorientierten Selbstbild;<br \/>\n<\/em><em>Loskommen von der Idee arbeitslos = nutzlos;<br \/>\n<\/em><em>Losgeschickt um Formulare auszuf\u00fcllen;<br \/>\n<\/em><em>Losgehen auf Jobsuche;<br \/>\n<\/em><em>Ausgelost werden? zum Vorstellungsgespr\u00e4ch<\/em>.<\/p>\n<p>&nbsp;<\/p>\n<p>Dann die Zeit des Wartens, des sich \u00fcberall am falschen Platz F\u00fchlens, die Angst vor dem Entdeckt-\/Beobachtet-Werden.<br \/>\nMorgens im Shoppingcenter: Gesch\u00e4ftiges Treiben, nur selber ist man nicht in Eile. Unter den Hausmanagerinnen, welche mit langer Liste und ge\u00fcbtem Blick durch die Gestelle kurven. Neben dem Neu-Rentner, welcher die Warenwelt wie einen fremden Planeten erforscht. Hinter den Student\/innen (zwischen zwei B\u00fcchern eine Fertigpizza) und vor der Portfolio-Workerin (f\u00fcr Villa X den Hund ausf\u00fchren, f\u00fcr Auftrag Y frische Kr\u00e4uter holen).<\/p>\n<p>&nbsp;<\/p>\n<p>Da ist es wieder, das klamme Gef\u00fchl: Du geh\u00f6rst nicht hieher ? nicht am Montagmorgen, nicht am Stehtisch einer Bar. Zeit, in der Tasse zu r\u00fchren und L\u00f6cher in die Luft zu starren. Wer verweilt l\u00e4nger, verzichtet auf gestresstes Aktenlesen, hat kein Handy hinters Ohr geklemmt? Die Arbeitslosen.<br \/>\nBleibt die Jobsuche. Eine Lotterie? Namenlose auf der Suche nach dem grossen Gewinn.\u00a0 Als Haupttreffer winkt die neue Stelle. Wer bei den Personalchefs eine Niete zieht, f\u00fchlt sich selbst als solche. Der Trost-preis besteht in einem unverbindlichen \u00abVielleicht ein n\u00e4chstes Mal\u00bb.<\/p>\n<p>&nbsp;<\/p>\n<p>Nein, Arbeitsverteilung darf nicht zum Gl\u00fccksspiel verkommen, wo der Wink des Schicksals alles bedeutet, Know-how und Einsatz wenig z\u00e4hlen. Kasino und Kapitalmarkt geh\u00f6ren eh den Privilegierten. Das Stellenkarussell sollen sie nicht auch noch drehen.<br \/>\nArbeit hat es in dieser Welt genug. Und der 09.00-Kaffe schmeckt in Gesellschaft besser!<\/p>\n<p>&nbsp;<\/p>\n","protected":false},"excerpt":{"rendered":"<p>Arbeitslosigkeit ? das Thema ist aus den Schlagzeilen geraten. Selbst ein grosser Stellenabbau f\u00fchrt gerade noch zu einer kleinen Zeitungsnotiz. Besser lesen sich die Konjunktur-meldungen auf der B\u00f6rsenseite. Ehrlich gesagt: Der entlassene, sich st\u00e4ndig zu Hause aufhaltende Nachbar wirkt unheimlich, erinnert an eigene berufliche Fallstricke. Der Strassenverk\u00e4ufer l\u00e4sst zusammenzucken, mit seinem: \u00abArbeitslosenzeitung! Arbeitslosigkeit geht uns [&hellip;]<\/p>\n","protected":false},"author":2,"featured_media":0,"parent":0,"menu_order":0,"comment_status":"open","ping_status":"open","template":"","meta":{"footnotes":""},"_links":{"self":[{"href":"http:\/\/karin.unkrig.de\/index.php?rest_route=\/wp\/v2\/pages\/152"}],"collection":[{"href":"http:\/\/karin.unkrig.de\/index.php?rest_route=\/wp\/v2\/pages"}],"about":[{"href":"http:\/\/karin.unkrig.de\/index.php?rest_route=\/wp\/v2\/types\/page"}],"author":[{"embeddable":true,"href":"http:\/\/karin.unkrig.de\/index.php?rest_route=\/wp\/v2\/users\/2"}],"replies":[{"embeddable":true,"href":"http:\/\/karin.unkrig.de\/index.php?rest_route=%2Fwp%2Fv2%2Fcomments&post=152"}],"version-history":[{"count":6,"href":"http:\/\/karin.unkrig.de\/index.php?rest_route=\/wp\/v2\/pages\/152\/revisions"}],"predecessor-version":[{"id":1501,"href":"http:\/\/karin.unkrig.de\/index.php?rest_route=\/wp\/v2\/pages\/152\/revisions\/1501"}],"wp:attachment":[{"href":"http:\/\/karin.unkrig.de\/index.php?rest_route=%2Fwp%2Fv2%2Fmedia&parent=152"}],"curies":[{"name":"wp","href":"https:\/\/api.w.org\/{rel}","templated":true}]}}