{"id":16,"date":"2013-10-16T05:09:11","date_gmt":"2013-10-16T05:09:11","guid":{"rendered":"http:\/\/karin.unkrig.de\/?page_id=16"},"modified":"2021-11-01T19:58:15","modified_gmt":"2021-11-01T19:58:15","slug":"schreiben-und-redigieren","status":"publish","type":"page","link":"http:\/\/karin.unkrig.de\/?page_id=16","title":{"rendered":"Texte aus der Werkstatt"},"content":{"rendered":"<p><img loading=\"lazy\" decoding=\"async\" class=\"alignright size-full wp-image-73\" src=\"http:\/\/karin.unkrig.de\/wp-content\/uploads\/2013\/10\/Buecherwand_ohne_Namen.jpg\" alt=\"Buecherwand_ohne_Namen\" width=\"150\" height=\"66\" \/><\/p>\n<ul>\n<li><a href=\"http:\/\/karin.unkrig.de\/?page_id=199\">Notizen einer Lektorin<\/a><\/li>\n<li><a href=\"http:\/\/karin.unkrig.de\/wp-content\/uploads\/2021\/11\/Titel-und-Temperamente.pdf\">Titel und Temperamente: Welcher Aufh\u00e4nger darf&#8217;s denn sein?<\/a><\/li>\n<li><a href=\"http:\/\/karin.unkrig.de\/wp-content\/uploads\/2021\/11\/Tippfehler.pdf\">Druck- und Tippfehler<\/a><\/li>\n<li><a href=\"http:\/\/karin.unkrig.de\/?page_id=203\">Sachbuch<\/a><\/li>\n<li><a href=\"http:\/\/karin.unkrig.de\/?page_id=204\">Ich als Erz\u00e4hlfigur<\/a><\/li>\n<li><a href=\"http:\/\/karin.unkrig.de\/?page_id=207 \">Verh\u00f6ren und verlesen<\/a><\/li>\n<\/ul>\n","protected":false},"excerpt":{"rendered":"<p>Notizen einer Lektorin Titel und Temperamente: Welcher Aufh\u00e4nger darf&#8217;s denn sein? Druck- und Tippfehler Sachbuch Ich als Erz\u00e4hlfigur Verh\u00f6ren und verlesen<\/p>\n","protected":false},"author":2,"featured_media":0,"parent":0,"menu_order":0,"comment_status":"open","ping_status":"open","template":"","meta":{"footnotes":""},"_links":{"self":[{"href":"http:\/\/karin.unkrig.de\/index.php?rest_route=\/wp\/v2\/pages\/16"}],"collection":[{"href":"http:\/\/karin.unkrig.de\/index.php?rest_route=\/wp\/v2\/pages"}],"about":[{"href":"http:\/\/karin.unkrig.de\/index.php?rest_route=\/wp\/v2\/types\/page"}],"author":[{"embeddable":true,"href":"http:\/\/karin.unkrig.de\/index.php?rest_route=\/wp\/v2\/users\/2"}],"replies":[{"embeddable":true,"href":"http:\/\/karin.unkrig.de\/index.php?rest_route=%2Fwp%2Fv2%2Fcomments&post=16"}],"version-history":[{"count":7,"href":"http:\/\/karin.unkrig.de\/index.php?rest_route=\/wp\/v2\/pages\/16\/revisions"}],"predecessor-version":[{"id":2474,"href":"http:\/\/karin.unkrig.de\/index.php?rest_route=\/wp\/v2\/pages\/16\/revisions\/2474"}],"wp:attachment":[{"href":"http:\/\/karin.unkrig.de\/index.php?rest_route=%2Fwp%2Fv2%2Fmedia&parent=16"}],"curies":[{"name":"wp","href":"https:\/\/api.w.org\/{rel}","templated":true}]}}