{"id":171,"date":"2013-10-16T09:53:55","date_gmt":"2013-10-16T09:53:55","guid":{"rendered":"http:\/\/karin.unkrig.de\/?page_id=171"},"modified":"2017-08-27T20:06:39","modified_gmt":"2017-08-27T20:06:39","slug":"drei-minuten-fur-ein-titelblatt","status":"publish","type":"page","link":"http:\/\/karin.unkrig.de\/?page_id=171","title":{"rendered":"Drei Minuten f\u00fcr ein Titelblatt"},"content":{"rendered":"<p><img loading=\"lazy\" decoding=\"async\" class=\"alignright size-full wp-image-173\" src=\"http:\/\/karin.unkrig.de\/wp-content\/uploads\/2013\/10\/3min_titelblatt.jpg\" alt=\"3min_titelblatt\" width=\"200\" height=\"275\" \/><\/p>\n<p>Decken Sie diesen Text einen Moment ab und gehen Sie Ihrer ersten Intuition nach: Woher stammt dieses Titelbild, f\u00fcr welches Thema steht es? Insider\/innen tippen zun\u00e4chst auf die neue Fogal-Plakatserie, dann auf \u00abLaufmasche\u00bb, das Magazin f\u00fcr Kunst am Bein.<\/p>\n<p>&nbsp;<\/p>\n<p>Weit gefehlt! Es handelt sich um ein Cover der Zeitschrift \u00abB\u00fcro &amp; Sekretariat\u00bb, dem offiziellen Organ des \u00d6sterreichischen Verbandes f\u00fcr Sekretariat und B\u00fcromanagement \u00d6SBM. 1962 gegr\u00fcndet, gilt die Organisation eher als konservativ und werttreu. Die Titelgeschichte bezieht sich denn auch nicht auf \u00abErotik am Arbeitsplatz\u00bb, sondern auf \u00abdie ewig junge B\u00fcroklammer\u00bb.<\/p>\n<p>&nbsp;<\/p>\n<p>&nbsp;<\/p>\n<p>Mehr als neun Zentimeter Draht brauchte der Norweger Johan Vaaler nicht. Die verbog\u00a0 er 1900\u00a0 (ein Jahr nach Matthew Schooleys Erstversuch und nahezu zeitgleich mit der Lancierung des Konaclip durch Cornelius Brosnan) zur ersten B\u00fcroklammer der Welt. Die simple Methode, Zettel aneinanderzuheften und unversehrt wieder zu trennen, feiert dieses Jahr Jubil\u00e4um.<br \/>\n100 Jahre N\u00fctzlichkeit: F\u00fcr die einen ist die klassische Doppelschleife ein Symbol der Menschheitsgeschichte, \u00e4hnlich der Pfeilspitze aus Feuerstein oder dem Mikrochip. F\u00fcr andere ist sie etwas, das sich vom mechanischen ins Computer-Zeitalter hin\u00fcbergerettet hat ? nicht zuletzt wegen seiner multifunktionellen Einsatzm\u00f6glichkeiten (als Wurfge-schoss,Schmuckst\u00fcck, Vorhanghaken, Pfeifenputzer oder T\u00fcrsicherung einer Cessna).<\/p>\n<p>&nbsp;<\/p>\n<p>Das Pi\u00e8ce de r\u00e9sistance sollte demnach zeitlos illustriert werden, auf den ersten Blick erkennbar und dennoch als Hingucker. Letzteres mag hier gelungen sein, wenn auch auf sonderbare Art. Denn: welcher Frau k\u00e4me es in den Sinn<\/p>\n<ul>\n<li>B\u00fcroklammern so wertvoll zu finden, dass sie diese unbedingt einstecken muss;<\/li>\n<li>Drahtgebilde an einem Strumpf zu befestigen (wo sie doch nur einen Maschenriss provozieren w\u00fcrden[1]);<\/li>\n<li>hierf\u00fcr die aufw\u00e4ndig pr\u00e4parierten Fingern\u00e4gel aufs Spiel zu setzen;<\/li>\n<li>zu glauben, die Klammer f\u00e4nde auf diese Weise Halt, ohne Rutschen und Pieksen.<\/li>\n<\/ul>\n<p>&nbsp;<\/p>\n<p>Ob die Redaktion damit ihre weltfremde, plakativ-naive Haltung zum Ausdruck bringen oder einfach mal das Genre \u00abunfreiwillige Komik\u00bb ausprobieren wollte, sei dahingestellt. Jedenfalls hat sie sich im Motiv vergriffen. Der f\u00fcr die Werbung Schweiz zust\u00e4ndige Publizist, Erich Liebi, taxiert auf unsere Anfrage hin das Titelblatt als \u00abnicht in seinen Zust\u00e4ndigkeitsbereich fallend\u00bb. Es geh\u00f6re zu den redaktionell gestalteten Seiten &#8230; Die Antwort kam per E-Mail, ohne digitalisierte B\u00fcroklammer. Wir h\u00e4tten diese ansonsten an den Chefredaktor weitergeleitet: f\u00fcr ein stichfestes Composing mit seinem Yorkshire-Terrier!<\/p>\n<p>&nbsp;<\/p>\n<p>[1] obgleich die Nylons urspr\u00fcnglich \u00abNo-run\u00bb ( = keine Laufmasche) hiessen.<\/p>\n","protected":false},"excerpt":{"rendered":"<p>Decken Sie diesen Text einen Moment ab und gehen Sie Ihrer ersten Intuition nach: Woher stammt dieses Titelbild, f\u00fcr welches Thema steht es? Insider\/innen tippen zun\u00e4chst auf die neue Fogal-Plakatserie, dann auf \u00abLaufmasche\u00bb, das Magazin f\u00fcr Kunst am Bein. &nbsp; Weit gefehlt! Es handelt sich um ein Cover der Zeitschrift \u00abB\u00fcro &amp; Sekretariat\u00bb, dem offiziellen [&hellip;]<\/p>\n","protected":false},"author":2,"featured_media":0,"parent":0,"menu_order":0,"comment_status":"open","ping_status":"open","template":"","meta":{"footnotes":""},"_links":{"self":[{"href":"http:\/\/karin.unkrig.de\/index.php?rest_route=\/wp\/v2\/pages\/171"}],"collection":[{"href":"http:\/\/karin.unkrig.de\/index.php?rest_route=\/wp\/v2\/pages"}],"about":[{"href":"http:\/\/karin.unkrig.de\/index.php?rest_route=\/wp\/v2\/types\/page"}],"author":[{"embeddable":true,"href":"http:\/\/karin.unkrig.de\/index.php?rest_route=\/wp\/v2\/users\/2"}],"replies":[{"embeddable":true,"href":"http:\/\/karin.unkrig.de\/index.php?rest_route=%2Fwp%2Fv2%2Fcomments&post=171"}],"version-history":[{"count":6,"href":"http:\/\/karin.unkrig.de\/index.php?rest_route=\/wp\/v2\/pages\/171\/revisions"}],"predecessor-version":[{"id":1502,"href":"http:\/\/karin.unkrig.de\/index.php?rest_route=\/wp\/v2\/pages\/171\/revisions\/1502"}],"wp:attachment":[{"href":"http:\/\/karin.unkrig.de\/index.php?rest_route=%2Fwp%2Fv2%2Fmedia&parent=171"}],"curies":[{"name":"wp","href":"https:\/\/api.w.org\/{rel}","templated":true}]}}