{"id":20,"date":"2013-10-16T05:10:00","date_gmt":"2013-10-16T05:10:00","guid":{"rendered":"http:\/\/karin.unkrig.de\/?page_id=20"},"modified":"2025-12-23T22:18:55","modified_gmt":"2025-12-23T22:18:55","slug":"ausbildung-beruf","status":"publish","type":"page","link":"http:\/\/karin.unkrig.de\/?page_id=20","title":{"rendered":"Ausbildung"},"content":{"rendered":"<ul>\n<li>C-Matur (mathematisch-naturwissenschaftliche Richtung)<\/li>\n<li>Studium in Z\u00fcrich und Neuch\u00e2tel (Angewandte Psychologie, Psychopathologie des Kindes-\/ Jugendalters und Publizistik, Lizentiatsarbeit an der ETH Z\u00fcrich, Institut f\u00fcr Arbeits- und Organisationspsychologie)<\/li>\n<li>Weiterbildung in Betriebswirtschaft, Management f\u00fcr Nonprofit-Organisationen, F\u00fchrung, Coaching, Journalismus, Moderation und Social Media<\/li>\n<\/ul>\n<h1>Berufliche Stationen<\/h1>\n<ul>\n<li>Freie Journalistin und Autorin (u.a. Dorante Edition, Poesie Agenda Orte-Verlag, Kulturtipp, Magazin BISS, Haidhauser Nachrichten)<\/li>\n<li>Stabs-\/ Pressestelle bei der Autobahndirektion S\u00fcdbayern<\/li>\n<li>Stellvertretende Bereichsleiterin, Beauftragte f\u00fcr Kommunikation und Information beim Bundesamt f\u00fcr Strassen ASTRA<\/li>\n<li>Gr\u00fcndung\u00a0einer Firma (\u00abTime in, Time out\u00bb)<\/li>\n<li>Organisation der Nationalen Statistiktage 2004<\/li>\n<li>Leiterin der Fachstelle Sozalhilfestatistik, Kanton Aargau<\/li>\n<li>Co-Leiterin eines Nationalen Programms zur Betrieblichen Gesundheitsf\u00f6rderung in KMU (Institut f\u00fcr Sozial- und Pr\u00e4ventivmedizin, Universit\u00e4t Z\u00fcrich)<\/li>\n<li>Gleichstellungsbeauftragte beim Kaufm\u00e4nnischen Verband Z\u00fcrich<\/li>\n<li>Junior Consultant in der Unternehmensberatung Schiess, Aarau<\/li>\n<\/ul>\n<h1>Freiberufliche T\u00e4tigkeit<\/h1>\n<ul>\n<li>Vision\u00e4rin (Projekte, Publikationen)<\/li>\n<li>Vordenkerin (Ideen, Inputs, Referate)<\/li>\n<li>Zukunftsgestalterin (Workshops, Kreativmodelle)<\/li>\n<\/ul>\n<h1>Politische \u00c4mter<\/h1>\n<ul>\n<li style=\"list-style-type: none;\">\n<ul>\n<li>F\u00fcr die Amtsperiode 2024 bis 2028 vorgemerkt als Sch\u00f6ffin (Laienrichterin ehrenamtliche Richterin an den Amtsgerichten und Landgerichten)<\/li>\n<\/ul>\n<\/li>\n<\/ul>\n<p>&lt;2011 bis 2024 Fachausschuss Medien, FDP Bayern<\/p>\n<ul>\n<li>1997 bis 2001 Grossr\u00e4tin des Kantons Aargau<\/li>\n<li>1993 bis 1997 Einwohnerr\u00e4tin der Stadt Aarau<\/li>\n<\/ul>\n<p>&nbsp;<\/p>\n<h1>Strategische F\u00fchrungsfunktionen<\/h1>\n<ul>\n<li>Einsitz in diversen Vorst\u00e4nden, Aussch\u00fcssen und Stiftungsr\u00e4ten<\/li>\n<li>Mitglied der Programm-Kommission der Radio- und Fernsehge-sellschaft Aargau\/Solothurn RAS<\/li>\n<li>Konsument*innen-Vertreterin im Publikumsrat der SRG\/Id\u00e9e Suisse<\/li>\n<\/ul>\n","protected":false},"excerpt":{"rendered":"<p>C-Matur (mathematisch-naturwissenschaftliche Richtung) Studium in Z\u00fcrich und Neuch\u00e2tel (Angewandte Psychologie, Psychopathologie des Kindes-\/ Jugendalters und Publizistik, Lizentiatsarbeit an der ETH Z\u00fcrich, Institut f\u00fcr Arbeits- und Organisationspsychologie) Weiterbildung in Betriebswirtschaft, Management f\u00fcr Nonprofit-Organisationen, F\u00fchrung, Coaching, Journalismus, Moderation und Social Media Berufliche Stationen Freie Journalistin und Autorin (u.a. Dorante Edition, Poesie Agenda Orte-Verlag, Kulturtipp, Magazin BISS, Haidhauser [&hellip;]<\/p>\n","protected":false},"author":2,"featured_media":0,"parent":0,"menu_order":0,"comment_status":"open","ping_status":"open","template":"","meta":{"footnotes":""},"_links":{"self":[{"href":"http:\/\/karin.unkrig.de\/index.php?rest_route=\/wp\/v2\/pages\/20"}],"collection":[{"href":"http:\/\/karin.unkrig.de\/index.php?rest_route=\/wp\/v2\/pages"}],"about":[{"href":"http:\/\/karin.unkrig.de\/index.php?rest_route=\/wp\/v2\/types\/page"}],"author":[{"embeddable":true,"href":"http:\/\/karin.unkrig.de\/index.php?rest_route=\/wp\/v2\/users\/2"}],"replies":[{"embeddable":true,"href":"http:\/\/karin.unkrig.de\/index.php?rest_route=%2Fwp%2Fv2%2Fcomments&post=20"}],"version-history":[{"count":22,"href":"http:\/\/karin.unkrig.de\/index.php?rest_route=\/wp\/v2\/pages\/20\/revisions"}],"predecessor-version":[{"id":2923,"href":"http:\/\/karin.unkrig.de\/index.php?rest_route=\/wp\/v2\/pages\/20\/revisions\/2923"}],"wp:attachment":[{"href":"http:\/\/karin.unkrig.de\/index.php?rest_route=%2Fwp%2Fv2%2Fmedia&parent=20"}],"curies":[{"name":"wp","href":"https:\/\/api.w.org\/{rel}","templated":true}]}}