{"id":26,"date":"2013-10-16T05:12:06","date_gmt":"2013-10-16T05:12:06","guid":{"rendered":"http:\/\/karin.unkrig.de\/?page_id=26"},"modified":"2020-07-09T16:16:12","modified_gmt":"2020-07-09T16:16:12","slug":"diverses","status":"publish","type":"page","link":"http:\/\/karin.unkrig.de\/?page_id=26","title":{"rendered":"In Bearbeitung: Miniaturen"},"content":{"rendered":"<p><span style=\"color: #0066cc;\"><a href=\"http:\/\/karin.unkrig.de\/wp-content\/uploads\/2013\/10\/Cover-korr.jpg\"><img loading=\"lazy\" decoding=\"async\" class=\"alignnone size-thumbnail wp-image-1307\" src=\"http:\/\/karin.unkrig.de\/wp-content\/uploads\/2013\/10\/Cover-korr-150x150.jpg\" alt=\"Cover korr\" width=\"150\" height=\"150\" \/><\/a><\/span><\/p>\n<h2>\u00abZitterpartie und Paukenfell\u00bb (Notizen und Geschichten)<\/h2>\n<p>Von der Zitter- zur H\u00e4ngepartie: das Leben f\u00fchrt \u00fcber viele Klippen und Schluchten. Nicht immer er\u00f6ffnet sich darunter ein Abgrund, nicht immer st\u00fcrzt man ab. Manchmal sind die kleinen Katastrophen die gr\u00f6sseren, manchmal ist einfach nur der Alltag anstrengend, manchmal wird man unverhofft beschenkt \u2013 statt fallengelassen.<\/p>\n<p>Karin Unkrig hat diverse Begebenheiten ihres Lebens zusammen-getragen. Der Mix aus Beobachtungen und Einsichten gipfelt in der Feststellung, dass man auf das Gl\u00fcck nicht warten kann: bis etwas Bestimmtes geschieht, bis die entscheidende Nachricht eintrifft, bis einem jemand dazu verhilft. F\u00fcr verpasste Chancen gibt es keinen Verzugszins. F\u00fcr die Erkenntnis, dass man damit nicht alleine dasteht, dieses Kopfkissenbuch.<\/p>\n","protected":false},"excerpt":{"rendered":"<p>\u00abZitterpartie und Paukenfell\u00bb (Notizen und Geschichten) Von der Zitter- zur H\u00e4ngepartie: das Leben f\u00fchrt \u00fcber viele Klippen und Schluchten. Nicht immer er\u00f6ffnet sich darunter ein Abgrund, nicht immer st\u00fcrzt man ab. Manchmal sind die kleinen Katastrophen die gr\u00f6sseren, manchmal ist einfach nur der Alltag anstrengend, manchmal wird man unverhofft beschenkt \u2013 statt fallengelassen. Karin Unkrig [&hellip;]<\/p>\n","protected":false},"author":2,"featured_media":0,"parent":0,"menu_order":0,"comment_status":"open","ping_status":"open","template":"","meta":{"footnotes":""},"_links":{"self":[{"href":"http:\/\/karin.unkrig.de\/index.php?rest_route=\/wp\/v2\/pages\/26"}],"collection":[{"href":"http:\/\/karin.unkrig.de\/index.php?rest_route=\/wp\/v2\/pages"}],"about":[{"href":"http:\/\/karin.unkrig.de\/index.php?rest_route=\/wp\/v2\/types\/page"}],"author":[{"embeddable":true,"href":"http:\/\/karin.unkrig.de\/index.php?rest_route=\/wp\/v2\/users\/2"}],"replies":[{"embeddable":true,"href":"http:\/\/karin.unkrig.de\/index.php?rest_route=%2Fwp%2Fv2%2Fcomments&post=26"}],"version-history":[{"count":31,"href":"http:\/\/karin.unkrig.de\/index.php?rest_route=\/wp\/v2\/pages\/26\/revisions"}],"predecessor-version":[{"id":2118,"href":"http:\/\/karin.unkrig.de\/index.php?rest_route=\/wp\/v2\/pages\/26\/revisions\/2118"}],"wp:attachment":[{"href":"http:\/\/karin.unkrig.de\/index.php?rest_route=%2Fwp%2Fv2%2Fmedia&parent=26"}],"curies":[{"name":"wp","href":"https:\/\/api.w.org\/{rel}","templated":true}]}}