{"id":266,"date":"2013-10-17T05:06:32","date_gmt":"2013-10-17T05:06:32","guid":{"rendered":"http:\/\/karin.unkrig.de\/?page_id=266"},"modified":"2018-02-17T12:58:37","modified_gmt":"2018-02-17T12:58:37","slug":"horbucher-und-cd-2","status":"publish","type":"page","link":"http:\/\/karin.unkrig.de\/?page_id=266","title":{"rendered":"H\u00f6rb\u00fccher und CD"},"content":{"rendered":"<h3>Gelegenheit macht Liebe<br \/>\nWenn&#8217;s im B\u00fcro knistert<\/h3>\n<p><img loading=\"lazy\" decoding=\"async\" class=\"alignright size-full wp-image-279\" src=\"http:\/\/karin.unkrig.de\/wp-content\/uploads\/2013\/10\/image001.jpg\" alt=\"image001\" width=\"165\" height=\"200\" \/>Ein Ratgeber mit Augenzwinkern und Humor! Wem es vor allem die Erfah-<\/p>\n<p>rungsberichte angetan haben, der kann sie nun nachh\u00f6ren.<br \/>\nAutorin: Karin Ammann<br \/>\nTechniSat Digital GmbH, D-54550 Daun<\/p>\n<p>&nbsp;<\/p>\n<p>&nbsp;<\/p>\n<h3>Von Mann zu Mann &#8211; M\u00e4nnerfreund-<br \/>\nschaft, M\u00e4nnerkommunikation<\/h3>\n<p><img loading=\"lazy\" decoding=\"async\" class=\"alignright size-full wp-image-280\" src=\"http:\/\/karin.unkrig.de\/wp-content\/uploads\/2013\/10\/image002.jpg\" alt=\"image002\" width=\"190\" height=\"230\" \/>\u00abDie Fantasie der M\u00e4nner reicht bei weitem nicht aus, um die Realit\u00e4t Frau zu begreifen\u00bb, meinte<br \/>\nAnna Magnani (1908 &#8211; 1973). Dieses Buch lebt von Dialogen. Nun kann man sie auditiv geniessen.<br \/>\nHerausgeberin: Karin Ammann<br \/>\nTechniSat Digital GmbH, D-54550 Daun<\/p>\n<p>&nbsp;<\/p>\n<h3>Des einen Freud, des anderen Leid<br \/>\nLiebesromanzen am\u00a0Arbeitsplatz<\/h3>\n<p>DRS 1, Sendung Treffpunkt, 15. M\u00e4rz 2006<br \/>\nModeration: Diana J\u00f6rg.\u00a0Live- Gespr\u00e4ch mit stimmungsvoller Musik! Erstaunlich auch die H\u00f6rerreaktionen! Eine Audio-Kopie der Sendung ist erh\u00e4ltlich bei Argus der Presse AG, 8032 Z\u00fcrich<br \/>\nRef. 22428316 (Basispreis CHF 49.00<br \/>\nzus\u00e4tzlich Versand\/Verpackung) oder \u00fcber<br \/>\nDRS 1, Treffpunkt, 3000 Bern 14.<br \/>\nTechnische Daten: Dauer: 51.9 Minuten,<br \/>\n47.5 MB, Deutsch<\/p>\n","protected":false},"excerpt":{"rendered":"<p>Gelegenheit macht Liebe Wenn&#8217;s im B\u00fcro knistert Ein Ratgeber mit Augenzwinkern und Humor! Wem es vor allem die Erfah- rungsberichte angetan haben, der kann sie nun nachh\u00f6ren. Autorin: Karin Ammann TechniSat Digital GmbH, D-54550 Daun &nbsp; &nbsp; Von Mann zu Mann &#8211; M\u00e4nnerfreund- schaft, M\u00e4nnerkommunikation \u00abDie Fantasie der M\u00e4nner reicht bei weitem nicht aus, um [&hellip;]<\/p>\n","protected":false},"author":2,"featured_media":0,"parent":0,"menu_order":0,"comment_status":"open","ping_status":"open","template":"","meta":{"footnotes":""},"_links":{"self":[{"href":"http:\/\/karin.unkrig.de\/index.php?rest_route=\/wp\/v2\/pages\/266"}],"collection":[{"href":"http:\/\/karin.unkrig.de\/index.php?rest_route=\/wp\/v2\/pages"}],"about":[{"href":"http:\/\/karin.unkrig.de\/index.php?rest_route=\/wp\/v2\/types\/page"}],"author":[{"embeddable":true,"href":"http:\/\/karin.unkrig.de\/index.php?rest_route=\/wp\/v2\/users\/2"}],"replies":[{"embeddable":true,"href":"http:\/\/karin.unkrig.de\/index.php?rest_route=%2Fwp%2Fv2%2Fcomments&post=266"}],"version-history":[{"count":10,"href":"http:\/\/karin.unkrig.de\/index.php?rest_route=\/wp\/v2\/pages\/266\/revisions"}],"predecessor-version":[{"id":1639,"href":"http:\/\/karin.unkrig.de\/index.php?rest_route=\/wp\/v2\/pages\/266\/revisions\/1639"}],"wp:attachment":[{"href":"http:\/\/karin.unkrig.de\/index.php?rest_route=%2Fwp%2Fv2%2Fmedia&parent=266"}],"curies":[{"name":"wp","href":"https:\/\/api.w.org\/{rel}","templated":true}]}}