{"id":288,"date":"2013-10-16T14:08:20","date_gmt":"2013-10-16T14:08:20","guid":{"rendered":"http:\/\/karin.unkrig.de\/?page_id=288"},"modified":"2019-07-15T23:36:29","modified_gmt":"2019-07-15T23:36:29","slug":"lehrmittel","status":"publish","type":"page","link":"http:\/\/karin.unkrig.de\/?page_id=288","title":{"rendered":"Lehrmittel"},"content":{"rendered":"<h3>Brennpunkte (Reihe f\u00fcr Berufsschulen)<\/h3>\n<p><strong><img loading=\"lazy\" decoding=\"async\" class=\"size-full wp-image-297 alignright\" src=\"http:\/\/karin.unkrig.de\/wp-content\/uploads\/2013\/10\/Sonntagsarbeit_01.jpg\" alt=\"Sonntagsarbeit_01\" width=\"150\" height=\"214\" \/><\/strong><strong>Band 1<br \/>\nSonntagsarbeit &#8211; Modeerscheinung <\/strong><br \/>\n<strong>oder Notwendigkeit?<br \/>\n<\/strong>Format A4, mit Einh\u00e4nge\u00f6sen f\u00fcr Ordner<br \/>\nBZ-Bestellnummer: 2286801<br \/>\nISBN: 3-0345-0195-1 EAN: 9783034501958<br \/>\nKartoniert, CHF 14.00<br \/>\n2006, Herstellung und Vertrieb:<br \/>\nSauerl\u00e4nder Verlage AG, Oberentfelden<\/p>\n<p><img loading=\"lazy\" decoding=\"async\" class=\"alignright size-full wp-image-298\" src=\"http:\/\/karin.unkrig.de\/wp-content\/uploads\/2013\/10\/Sonntagsarbeit_02.jpg\" alt=\"Sonntagsarbeit_02\" width=\"150\" height=\"213\" \/><strong>Band 2<br \/>\nThe Rolling Stones &#8211; On Tour again<br \/>\n<\/strong>Format A4, mit Einh\u00e4nge\u00f6sen f\u00fcr Ordner<br \/>\nBZ-Bestellnummer: 2286802<br \/>\nISBN: 3-0345-0196-X EAN: 9783034501965<br \/>\nKartoniert, CHF 14.00<br \/>\n2007, Herstellung und Vertrieb:<br \/>\nSauerl\u00e4nder Verlage AG, Oberentfelden<\/p>\n","protected":false},"excerpt":{"rendered":"<p>Brennpunkte (Reihe f\u00fcr Berufsschulen) Band 1 Sonntagsarbeit &#8211; Modeerscheinung oder Notwendigkeit? Format A4, mit Einh\u00e4nge\u00f6sen f\u00fcr Ordner BZ-Bestellnummer: 2286801 ISBN: 3-0345-0195-1 EAN: 9783034501958 Kartoniert, CHF 14.00 2006, Herstellung und Vertrieb: Sauerl\u00e4nder Verlage AG, Oberentfelden Band 2 The Rolling Stones &#8211; On Tour again Format A4, mit Einh\u00e4nge\u00f6sen f\u00fcr Ordner BZ-Bestellnummer: 2286802 ISBN: 3-0345-0196-X EAN: 9783034501965 [&hellip;]<\/p>\n","protected":false},"author":2,"featured_media":0,"parent":0,"menu_order":0,"comment_status":"open","ping_status":"open","template":"","meta":{"footnotes":""},"_links":{"self":[{"href":"http:\/\/karin.unkrig.de\/index.php?rest_route=\/wp\/v2\/pages\/288"}],"collection":[{"href":"http:\/\/karin.unkrig.de\/index.php?rest_route=\/wp\/v2\/pages"}],"about":[{"href":"http:\/\/karin.unkrig.de\/index.php?rest_route=\/wp\/v2\/types\/page"}],"author":[{"embeddable":true,"href":"http:\/\/karin.unkrig.de\/index.php?rest_route=\/wp\/v2\/users\/2"}],"replies":[{"embeddable":true,"href":"http:\/\/karin.unkrig.de\/index.php?rest_route=%2Fwp%2Fv2%2Fcomments&post=288"}],"version-history":[{"count":12,"href":"http:\/\/karin.unkrig.de\/index.php?rest_route=\/wp\/v2\/pages\/288\/revisions"}],"predecessor-version":[{"id":1906,"href":"http:\/\/karin.unkrig.de\/index.php?rest_route=\/wp\/v2\/pages\/288\/revisions\/1906"}],"wp:attachment":[{"href":"http:\/\/karin.unkrig.de\/index.php?rest_route=%2Fwp%2Fv2%2Fmedia&parent=288"}],"curies":[{"name":"wp","href":"https:\/\/api.w.org\/{rel}","templated":true}]}}