{"id":356,"date":"2013-10-17T07:29:46","date_gmt":"2013-10-17T07:29:46","guid":{"rendered":"http:\/\/karin.unkrig.de\/?page_id=356"},"modified":"2013-10-17T07:29:46","modified_gmt":"2013-10-17T07:29:46","slug":"second-hand-happening-2005","status":"publish","type":"page","link":"http:\/\/karin.unkrig.de\/?page_id=356","title":{"rendered":"Second Hand Happening 2005"},"content":{"rendered":"<table width=\"100%\" border=\"0\" cellspacing=\"0\" cellpadding=\"2\">\n<tbody>\n<tr>\n<td valign=\"top\"><strong><img loading=\"lazy\" decoding=\"async\" class=\"alignleft size-full wp-image-430\" alt=\"second_hand_flyer\" src=\"http:\/\/karin.unkrig.de\/wp-content\/uploads\/2013\/10\/second_hand_flyer.jpg\" width=\"280\" height=\"411\" srcset=\"http:\/\/karin.unkrig.de\/wp-content\/uploads\/2013\/10\/second_hand_flyer.jpg 280w, http:\/\/karin.unkrig.de\/wp-content\/uploads\/2013\/10\/second_hand_flyer-204x300.jpg 204w\" sizes=\"(max-width: 280px) 100vw, 280px\" \/><\/strong><\/p>\n<p><strong>Flyer zum Auftakt<br \/>\n<\/strong>(Konzept\/Idee: Karin Ammann, Ausgestaltung: Christiane Hansen)<\/td>\n<\/tr>\n<tr>\n<td valign=\"top\"><img loading=\"lazy\" decoding=\"async\" class=\"alignleft size-full wp-image-431\" alt=\"sh_03\" src=\"http:\/\/karin.unkrig.de\/wp-content\/uploads\/2013\/10\/sh_03.jpg\" width=\"273\" height=\"273\" srcset=\"http:\/\/karin.unkrig.de\/wp-content\/uploads\/2013\/10\/sh_03.jpg 273w, http:\/\/karin.unkrig.de\/wp-content\/uploads\/2013\/10\/sh_03-150x150.jpg 150w\" sizes=\"(max-width: 273px) 100vw, 273px\" \/><\/p>\n<p>2004 war Fussball-EM, 2005 Jodler-fest &#8230; der Termin f\u00e4llt oft mit anderen &#8222;Musts&#8220; zusammen!<\/td>\n<\/tr>\n<tr>\n<td valign=\"top\"><img loading=\"lazy\" decoding=\"async\" class=\"alignleft size-full wp-image-432\" alt=\"sh_04\" src=\"http:\/\/karin.unkrig.de\/wp-content\/uploads\/2013\/10\/sh_04.jpg\" width=\"280\" height=\"334\" srcset=\"http:\/\/karin.unkrig.de\/wp-content\/uploads\/2013\/10\/sh_04.jpg 280w, http:\/\/karin.unkrig.de\/wp-content\/uploads\/2013\/10\/sh_04-251x300.jpg 251w\" sizes=\"(max-width: 280px) 100vw, 280px\" \/><\/p>\n<p>Rasch noch einen Spiegel montiert.<\/td>\n<\/tr>\n<tr>\n<td valign=\"top\"><img loading=\"lazy\" decoding=\"async\" class=\"alignleft size-full wp-image-433\" alt=\"sh_13\" src=\"http:\/\/karin.unkrig.de\/wp-content\/uploads\/2013\/10\/sh_13.jpg\" width=\"280\" height=\"280\" srcset=\"http:\/\/karin.unkrig.de\/wp-content\/uploads\/2013\/10\/sh_13.jpg 280w, http:\/\/karin.unkrig.de\/wp-content\/uploads\/2013\/10\/sh_13-150x150.jpg 150w\" sizes=\"(max-width: 280px) 100vw, 280px\" \/><\/p>\n<p>Der Rubel rollt, f\u00fcr Shirts, Taschen, Schmuck, CD&#8217;s<\/td>\n<\/tr>\n<tr>\n<td valign=\"top\"><img loading=\"lazy\" decoding=\"async\" class=\"alignleft size-full wp-image-434\" alt=\"sh_06\" src=\"http:\/\/karin.unkrig.de\/wp-content\/uploads\/2013\/10\/sh_06.jpg\" width=\"280\" height=\"280\" srcset=\"http:\/\/karin.unkrig.de\/wp-content\/uploads\/2013\/10\/sh_06.jpg 280w, http:\/\/karin.unkrig.de\/wp-content\/uploads\/2013\/10\/sh_06-150x150.jpg 150w\" sizes=\"(max-width: 280px) 100vw, 280px\" \/><\/p>\n<p>Ein Hit: Hemd und Hose f\u00fcr den Mann<\/td>\n<\/tr>\n<tr>\n<td valign=\"top\">\u00a0<img loading=\"lazy\" decoding=\"async\" class=\"alignleft size-full wp-image-435\" alt=\"sh_05\" src=\"http:\/\/karin.unkrig.de\/wp-content\/uploads\/2013\/10\/sh_05.jpg\" width=\"280\" height=\"280\" srcset=\"http:\/\/karin.unkrig.de\/wp-content\/uploads\/2013\/10\/sh_05.jpg 280w, http:\/\/karin.unkrig.de\/wp-content\/uploads\/2013\/10\/sh_05-150x150.jpg 150w\" sizes=\"(max-width: 280px) 100vw, 280px\" \/><\/p>\n<p><span style=\"line-height: 1.714285714; font-size: inherit;\">&#8222;Eine\u00a0<\/span><span style=\"line-height: 1.714285714; font-size: inherit;\">Dame tr\u00e4gt kein Kleid. Sie erlaubt dem Kleid, von ihr getragen zu werden.&#8220; Yves Saint-Laurent<\/span><\/td>\n<\/tr>\n<tr>\n<td valign=\"top\"><img loading=\"lazy\" decoding=\"async\" class=\"alignleft size-full wp-image-436\" alt=\"sh_08\" src=\"http:\/\/karin.unkrig.de\/wp-content\/uploads\/2013\/10\/sh_08.jpg\" width=\"280\" height=\"194\" \/><\/p>\n<p>Ob High Heels Pumps oder Stiletto. Eine Rolle spielen Schuhe auch in der Operetto!<\/td>\n<\/tr>\n<tr>\n<td valign=\"top\"><img loading=\"lazy\" decoding=\"async\" class=\"alignleft size-full wp-image-437\" alt=\"sh_07\" src=\"http:\/\/karin.unkrig.de\/wp-content\/uploads\/2013\/10\/sh_07.jpg\" width=\"285\" height=\"285\" srcset=\"http:\/\/karin.unkrig.de\/wp-content\/uploads\/2013\/10\/sh_07.jpg 285w, http:\/\/karin.unkrig.de\/wp-content\/uploads\/2013\/10\/sh_07-150x150.jpg 150w\" sizes=\"(max-width: 285px) 100vw, 285px\" \/><\/p>\n<p>Hast du&#8217;s gesehen?Wein, Snacks, ungezwungene Atmosph\u00e4re.<\/td>\n<\/tr>\n<tr>\n<td valign=\"top\"><img loading=\"lazy\" decoding=\"async\" class=\"alignleft size-full wp-image-438\" alt=\"sh_09\" src=\"http:\/\/karin.unkrig.de\/wp-content\/uploads\/2013\/10\/sh_09.jpg\" width=\"280\" height=\"280\" srcset=\"http:\/\/karin.unkrig.de\/wp-content\/uploads\/2013\/10\/sh_09.jpg 280w, http:\/\/karin.unkrig.de\/wp-content\/uploads\/2013\/10\/sh_09-150x150.jpg 150w\" sizes=\"(max-width: 280px) 100vw, 280px\" \/><\/p>\n<p>H\u00e4lt das St\u00fcck, was es verspricht? Marinne will es wissen!<\/td>\n<\/tr>\n<tr>\n<td valign=\"top\"><img loading=\"lazy\" decoding=\"async\" class=\"alignleft size-full wp-image-439\" alt=\"sh_10\" src=\"http:\/\/karin.unkrig.de\/wp-content\/uploads\/2013\/10\/sh_10.jpg\" width=\"280\" height=\"275\" \/><\/p>\n<p>Diskutieren, debatieren, ausprobieren &#8230;<\/td>\n<\/tr>\n<tr>\n<td valign=\"top\"><img loading=\"lazy\" decoding=\"async\" class=\"alignleft size-full wp-image-440\" alt=\"sh_11\" src=\"http:\/\/karin.unkrig.de\/wp-content\/uploads\/2013\/10\/sh_11.jpg\" width=\"280\" height=\"280\" srcset=\"http:\/\/karin.unkrig.de\/wp-content\/uploads\/2013\/10\/sh_11.jpg 280w, http:\/\/karin.unkrig.de\/wp-content\/uploads\/2013\/10\/sh_11-150x150.jpg 150w\" sizes=\"(max-width: 280px) 100vw, 280px\" \/><\/p>\n<p>&#8230; pr\u00fcfen, feilschen<\/td>\n<\/tr>\n<tr>\n<td valign=\"top\"><img loading=\"lazy\" decoding=\"async\" class=\"alignleft size-full wp-image-441\" alt=\"sh_12\" src=\"http:\/\/karin.unkrig.de\/wp-content\/uploads\/2013\/10\/sh_12.jpg\" width=\"270\" height=\"270\" srcset=\"http:\/\/karin.unkrig.de\/wp-content\/uploads\/2013\/10\/sh_12.jpg 270w, http:\/\/karin.unkrig.de\/wp-content\/uploads\/2013\/10\/sh_12-150x150.jpg 150w\" sizes=\"(max-width: 270px) 100vw, 270px\" \/><\/p>\n<p>Steht mir das?<br \/>\n<span style=\"line-height: 1.714285714; font-size: inherit;\">Farbe und Form m\u00fcssen stimmen!<\/span><\/td>\n<\/tr>\n<\/tbody>\n<\/table>\n","protected":false},"excerpt":{"rendered":"<p>Flyer zum Auftakt (Konzept\/Idee: Karin Ammann, Ausgestaltung: Christiane Hansen) 2004 war Fussball-EM, 2005 Jodler-fest &#8230; der Termin f\u00e4llt oft mit anderen &#8222;Musts&#8220; zusammen! Rasch noch einen Spiegel montiert. Der Rubel rollt, f\u00fcr Shirts, Taschen, Schmuck, CD&#8217;s Ein Hit: Hemd und Hose f\u00fcr den Mann \u00a0 &#8222;Eine\u00a0Dame tr\u00e4gt kein Kleid. Sie erlaubt dem Kleid, von ihr [&hellip;]<\/p>\n","protected":false},"author":2,"featured_media":0,"parent":0,"menu_order":0,"comment_status":"open","ping_status":"open","template":"","meta":{"footnotes":""},"_links":{"self":[{"href":"http:\/\/karin.unkrig.de\/index.php?rest_route=\/wp\/v2\/pages\/356"}],"collection":[{"href":"http:\/\/karin.unkrig.de\/index.php?rest_route=\/wp\/v2\/pages"}],"about":[{"href":"http:\/\/karin.unkrig.de\/index.php?rest_route=\/wp\/v2\/types\/page"}],"author":[{"embeddable":true,"href":"http:\/\/karin.unkrig.de\/index.php?rest_route=\/wp\/v2\/users\/2"}],"replies":[{"embeddable":true,"href":"http:\/\/karin.unkrig.de\/index.php?rest_route=%2Fwp%2Fv2%2Fcomments&post=356"}],"version-history":[{"count":2,"href":"http:\/\/karin.unkrig.de\/index.php?rest_route=\/wp\/v2\/pages\/356\/revisions"}],"predecessor-version":[{"id":443,"href":"http:\/\/karin.unkrig.de\/index.php?rest_route=\/wp\/v2\/pages\/356\/revisions\/443"}],"wp:attachment":[{"href":"http:\/\/karin.unkrig.de\/index.php?rest_route=%2Fwp%2Fv2%2Fmedia&parent=356"}],"curies":[{"name":"wp","href":"https:\/\/api.w.org\/{rel}","templated":true}]}}