{"id":647,"date":"2014-02-02T13:47:18","date_gmt":"2014-02-02T13:47:18","guid":{"rendered":"http:\/\/karin.unkrig.de\/?page_id=647"},"modified":"2022-02-02T17:49:53","modified_gmt":"2022-02-02T17:49:53","slug":"lesestoff","status":"publish","type":"page","link":"http:\/\/karin.unkrig.de\/?page_id=647","title":{"rendered":"Lesestoff"},"content":{"rendered":"<p><a href=\"http:\/\/karin.unkrig.de\/wp-content\/uploads\/2013\/10\/Vernissage_10A.jpg\"><img loading=\"lazy\" decoding=\"async\" class=\"alignright size-thumbnail wp-image-423\" src=\"http:\/\/karin.unkrig.de\/wp-content\/uploads\/2013\/10\/Vernissage_10A-150x150.jpg\" alt=\"Vernissage_10A\" width=\"150\" height=\"150\" \/><\/a><\/p>\n<p>Was ich gerade lese. B\u00fccher sind die Begleiter der Zeit, die man mit sich selbst verbringt.<\/p>\n<p>Die Empfehlungen auf dieser Seite bleiben stehen. Zwischendurch\u00a0werden sie erg\u00e4nzt. Ordnung: chronologisch, nach Erscheinungsjahr.<\/p>\n<ul>\n<li>\n<div id=\"bylineInfo_feature_div\" class=\"celwidget\" data-feature-name=\"bylineInfo\" data-csa-c-id=\"czva3g-fltklc-xnk2op-zg3e6e\" data-cel-widget=\"bylineInfo_feature_div\">\n<div id=\"bylineInfo\" class=\"a-section a-spacing-micro bylineHidden feature\" data-cel-widget=\"bylineInfo\">Dror Mishani (Autor) und Marlus Lemke (\u00dcbersetzer: Drei, Roman <span class=\"author notFaded\" data-width=\"\"><span class=\"contribution\"><span class=\"a-color-secondary\">Diogenes Verlag, Z\u00fcrich 2019\u00a0<\/span> <\/span> <\/span><\/div>\n<\/div>\n<\/li>\n<li>Althaus Andrea: Vom Gl\u00fcck in der Schweiz, Campus Verlag, Frankfurt am Main 2017<\/li>\n<li>\n<div class=\"paragraph\">Johnston Bret Anthony: Justins Heimkehr, C.H.Beck Verlag, M\u00fcnchen 2017<\/div>\n<\/li>\n<li>Gerk Andrea: Die wundersame Wirkung der Literatur, Rogner Bernard Verlag,\u00a0Berlin 2015<\/li>\n<li>Luyendijk Loris: Unter Bankern \u2013 Eine Spezies wird besichtigt. Tropen Verlag, Stuttgart 2015<\/li>\n<li>Vann David: Aquarium, Suhrkamp, Frankfurt am Main 2015<\/li>\n<li>Lucius Walter: Schmetterling im Sturm &#8211; Thriller. Suhrkamp, Berlin 2014<\/li>\n<li>Bachmann Heinz &amp; Stark Marton. Von Auschwitz nach Beverly Hills. edition 381, Z\u00fcrich 2013<\/li>\n<li>Kramer Pascale: Die unerbittliche Brutalit\u00e4t des Erwachens. Rotpunktverlag, Z\u00fcrich 2013<\/li>\n<li>Straub Isabella: S\u00fcdbalkon. Blumenbar, Berlin 2013<\/li>\n<li>Williams John: Stoner. Deutscher Taschenbuch Verlag, M\u00fcnchen 2013<\/li>\n<li>Kuckart Judith: Dorfsch\u00f6nheit. In: Die Autorenwitwe. DuMont Literatur und Kunst Verlag, K\u00f6ln 2003<\/li>\n<li>Stamm Peter: An einem Tag wie diesem. Fischer Taschenbuch, Frankfurt am Main 2007<\/li>\n<li>Stamm Peter: Agnes. Fischer Taschenbuch, Frankfurt am Main 2009<\/li>\n<li>Storz Claudia: Die Wale kommen an Land. Nagel + Kimche Verlag AG, Z\u00fcrich 1984 (2. Auflage)<\/li>\n<li>Kristof Agota (Autorin), Spingler Andrea (\u00dcbersetzerin): Die Analphabetin. Ammann Verlag Z\u00fcrich , Mai 2005 (3. Auflage)<\/li>\n<li>Bennett Alan: Die souver\u00e4ne Leserin. Klaus Wagenbach Verlag, Berlin 2008<\/li>\n<li>Steiner J\u00f6rg: Ein Kirschbaum am Pazifischen Ozean. Suhrkamp, Frankfurt am Main 2008<\/li>\n<li>Rachmann Tom: Die Unperfekten, Deutscher Taschenbuch Verlag dtv, M\u00fcnchen 2011<\/li>\n<li>Welsh Louise (Autorin), Wolfgang M\u00fcller (\u00dcbersetzer): Dunkelkammer, Antje Kunstmann Verlag, M\u00fcnchen 2004<\/li>\n<li>Storz Claudia: Jessica mit Konstruktionsfehlern, Benziger Verlag, Z\u00fcrich 1977 (neu aufgelegt bei eFeF, Wettingen)<\/li>\n<\/ul>\n\n\n<p><\/p>\n","protected":false},"excerpt":{"rendered":"<p>Was ich gerade lese. B\u00fccher sind die Begleiter der Zeit, die man mit sich selbst verbringt. Die Empfehlungen auf dieser Seite bleiben stehen. Zwischendurch\u00a0werden sie erg\u00e4nzt. Ordnung: chronologisch, nach Erscheinungsjahr. Dror Mishani (Autor) und Marlus Lemke (\u00dcbersetzer: Drei, Roman Diogenes Verlag, Z\u00fcrich 2019\u00a0 Althaus Andrea: Vom Gl\u00fcck in der Schweiz, Campus Verlag, Frankfurt am Main [&hellip;]<\/p>\n","protected":false},"author":3,"featured_media":0,"parent":0,"menu_order":0,"comment_status":"open","ping_status":"open","template":"","meta":{"footnotes":""},"_links":{"self":[{"href":"http:\/\/karin.unkrig.de\/index.php?rest_route=\/wp\/v2\/pages\/647"}],"collection":[{"href":"http:\/\/karin.unkrig.de\/index.php?rest_route=\/wp\/v2\/pages"}],"about":[{"href":"http:\/\/karin.unkrig.de\/index.php?rest_route=\/wp\/v2\/types\/page"}],"author":[{"embeddable":true,"href":"http:\/\/karin.unkrig.de\/index.php?rest_route=\/wp\/v2\/users\/3"}],"replies":[{"embeddable":true,"href":"http:\/\/karin.unkrig.de\/index.php?rest_route=%2Fwp%2Fv2%2Fcomments&post=647"}],"version-history":[{"count":46,"href":"http:\/\/karin.unkrig.de\/index.php?rest_route=\/wp\/v2\/pages\/647\/revisions"}],"predecessor-version":[{"id":2522,"href":"http:\/\/karin.unkrig.de\/index.php?rest_route=\/wp\/v2\/pages\/647\/revisions\/2522"}],"wp:attachment":[{"href":"http:\/\/karin.unkrig.de\/index.php?rest_route=%2Fwp%2Fv2%2Fmedia&parent=647"}],"curies":[{"name":"wp","href":"https:\/\/api.w.org\/{rel}","templated":true}]}}