{"id":692,"date":"2014-02-02T14:37:42","date_gmt":"2014-02-02T14:37:42","guid":{"rendered":"http:\/\/karin.unkrig.de\/?page_id=692"},"modified":"2024-02-25T17:34:30","modified_gmt":"2024-02-25T17:34:30","slug":"sinkende-glaubwurdigkeit-bei-30-grad","status":"publish","type":"page","link":"http:\/\/karin.unkrig.de\/?page_id=692","title":{"rendered":"Sinkende Glaubw\u00fcrdigkeit bei 30 Grad"},"content":{"rendered":"<p>&nbsp;<\/p>\n<p>Die australischen Weihnachtsm\u00e4nner haben 1998 aufgemuckt: tiefer Lohn, schmerzende Knie (verursacht durch Hunderte von Kindern, die sich darauf niederlassen), tr\u00e4nende Augen (an denen die Blitzlichter der Kameras die Schuld tragen) und bestialische Schweissausbr\u00fcche (angesichts der nicht eben saisongerechten Kleidung zur Hochsommerzeit, welche dann in K\u00e4nguruh-Land herrscht). All das machte den Nikol\u00e4usen das Leben schwer.<\/p>\n<p>&nbsp;<\/p>\n<p>Die Journalistin Marianne Fehr* meinte lakonisch: \u00abStatt die unzumut-baren Arbeitsbedingungen mit besserer Bezahlung zu kompensieren, w\u00e4re es kl\u00fcger, die Ursachen zu beseitigen, das heisst Auftritte nur in kinderfreien Zonen; Kapuzen, die auch die Vorderseite des Kopfes bedecken; Verlegung des Besuchs auf die k\u00fchleren Ostern &#8230;\u00bb<\/p>\n<p>&nbsp;<\/p>\n<p>Es stimmt: Wenn sich die Weihnachtsm\u00e4nner nicht einmal ihre eigenen W\u00fcnsch erf\u00fcllen k\u00f6nnen, ist die Glaubw\u00fcrdigkeit in Frage gestellt. F\u00fcr 1999 schien jedoch der Olympia-Geist nachzuwirken. Das Ackern ging weiter, wie bis anhin f\u00fcr CHF 14.&#8211; pro Stunde. Der Rest sollte neu durch Erfolgspr\u00e4mien eingeholt werden -&gt; bei der Spielzeugbranche, vermuten wir.<\/p>\n<p>&nbsp;<\/p>\n<p>*Die Weltwoche Nr. 48\/1999, Seite 71<\/p>\n","protected":false},"excerpt":{"rendered":"<p>&nbsp; Die australischen Weihnachtsm\u00e4nner haben 1998 aufgemuckt: tiefer Lohn, schmerzende Knie (verursacht durch Hunderte von Kindern, die sich darauf niederlassen), tr\u00e4nende Augen (an denen die Blitzlichter der Kameras die Schuld tragen) und bestialische Schweissausbr\u00fcche (angesichts der nicht eben saisongerechten Kleidung zur Hochsommerzeit, welche dann in K\u00e4nguruh-Land herrscht). All das machte den Nikol\u00e4usen das Leben schwer. [&hellip;]<\/p>\n","protected":false},"author":3,"featured_media":0,"parent":0,"menu_order":0,"comment_status":"open","ping_status":"open","template":"","meta":{"footnotes":""},"_links":{"self":[{"href":"http:\/\/karin.unkrig.de\/index.php?rest_route=\/wp\/v2\/pages\/692"}],"collection":[{"href":"http:\/\/karin.unkrig.de\/index.php?rest_route=\/wp\/v2\/pages"}],"about":[{"href":"http:\/\/karin.unkrig.de\/index.php?rest_route=\/wp\/v2\/types\/page"}],"author":[{"embeddable":true,"href":"http:\/\/karin.unkrig.de\/index.php?rest_route=\/wp\/v2\/users\/3"}],"replies":[{"embeddable":true,"href":"http:\/\/karin.unkrig.de\/index.php?rest_route=%2Fwp%2Fv2%2Fcomments&post=692"}],"version-history":[{"count":11,"href":"http:\/\/karin.unkrig.de\/index.php?rest_route=\/wp\/v2\/pages\/692\/revisions"}],"predecessor-version":[{"id":2697,"href":"http:\/\/karin.unkrig.de\/index.php?rest_route=\/wp\/v2\/pages\/692\/revisions\/2697"}],"wp:attachment":[{"href":"http:\/\/karin.unkrig.de\/index.php?rest_route=%2Fwp%2Fv2%2Fmedia&parent=692"}],"curies":[{"name":"wp","href":"https:\/\/api.w.org\/{rel}","templated":true}]}}